{"id":3,"date":"2022-03-30T09:27:15","date_gmt":"2022-03-30T09:27:15","guid":{"rendered":"https:\/\/justthis-snacks.com\/?page_id=3"},"modified":"2025-09-25T13:22:12","modified_gmt":"2025-09-25T13:22:12","slug":"politica-de-privacidad","status":"publish","type":"page","link":"https:\/\/justthis-snacks.com\/es\/politica-de-privacidad\/","title":{"rendered":"Pol\u00edtica de privacidad"},"content":{"rendered":"\n<p>Este apartado tiene como finalidad explicar la Pol\u00edtica de Privacidad de PATATAS FRITAS TORRES S.L. (en adelante, \u201cPATATAS TORRES\u201d), e informar a los interesados (en adelante, los Usuarios) la informaci\u00f3n relativa al tratamiento de los datos personales y a los derechos que pueden ejercer los Usuarios para mantener el control sobre sus datos.<\/p>\n<p><b>Responsable del tratamiento<\/b><\/p>\n<p>El operador de la p\u00e1gina web y responsable del tratamiento de datos es:<\/p>\n<p>Raz\u00f3n social<br \/>PATATAS FRITAS TORRES S.L.<\/p>\n<p>NIF<br \/>B60626223<\/p>\n<p>Domicilio<br \/>Verneda del Congost 4, 08160 Montmel\u00f3<\/p>\n<p>Tel\u00e9fono<br \/>937 919 461<\/p>\n<p>Correo electr\u00f3nico<br \/><a href=\"mailto:contact@galafoods.es\">contact@galafoods.es<\/a><\/p>\n<p>Nombre del dominio<br \/><a href=\"https:\/\/justthis-snacks.com\">justthis-snacks.com<\/a><\/p>\n<p><b>Procedencia y categor\u00edas de datos\u00a0<\/b><\/p>\n<p>Trataremos los datos que el Usuario nos proporcione a trav\u00e9s de la p\u00e1gina web Justthis-snacks.com (en adelante, \u201cSitio Web\u201d), as\u00ed como a trav\u00e9s de otros medios relacionados con el uso o los servicios ofrecidos en el Sitio Web.\u00a0<\/p>\n<p>Adem\u00e1s de dichos datos, podremos tratar otros datos personales que nos proporcione o se generen durante nuestras comunicaciones o contrataci\u00f3n de servicios o productos.<\/p>\n<p>Por otro lado, tambi\u00e9n recogeremos datos a trav\u00e9s de cookies con la finalidad anal\u00edtica y publicitaria. Puede encontrar m\u00e1s informaci\u00f3n en nuestra Pol\u00edtica de Cookies.<\/p>\n<p>Finalmente, por favor tenga en cuenta que, al facilitarnos sus datos, el Usuario nos garantiza la veracidad y\/o exactitud de estos. En consecuencia, el Usuario ser\u00e1 responsable de las manifestaciones falsas o inexactas que realice, as\u00ed como de los da\u00f1os causados a PATATAS TORRES o a terceros como consecuencia de estas.<\/p>\n<p>\u00a0<\/p>\n<p><b>Tratamiento de datos<\/b><\/p>\n<p>En funci\u00f3n del contexto y finalidad para la que, en cada caso, el Usuario haya facilitado sus datos, estos ser\u00e1n tratados para:<\/p>\n<table>\n<tbody>\n<tr>\n<td>\n<p><b>Finalidad del tratamiento<\/b><\/p>\n<\/td>\n<td>\n<p><b>Base legal<\/b><\/p>\n<\/td>\n<\/tr>\n<tr>\n<td>\n<p>Prestarle los servicios que nos solicite (e.g., venta de un producto) y\/o atender a sus solicitudes de informaci\u00f3n.<\/p>\n<\/td>\n<td>\n<p>Inter\u00e9s leg\u00edtimo para atender a los requerimientos de informaci\u00f3n a trav\u00e9s de\u00a0 los canales de comunicaci\u00f3n.\u00a0 Consentimiento de los\u00a0 interesados.<\/p>\n<\/td>\n<\/tr>\n<tr>\n<td>\n<p>Contactar con el remitente\u00a0 de la informaci\u00f3n, dar\u00a0 respuesta a su solicitud,\u00a0 petici\u00f3n o consulta y hacer\u00a0 un seguimiento posterior.<\/p>\n<\/td>\n<td>\n<p>Inter\u00e9s leg\u00edtimo para\u00a0 atender a los requerimientos de informaci\u00f3n a trav\u00e9s de\u00a0 los canales de\u00a0 comunicaci\u00f3n. Consentimiento de los\u00a0 interesados.<\/p>\n<\/td>\n<\/tr>\n<tr>\n<td>\n<p>Gestionar y controlar la\u00a0 cartera de clientes y\u00a0 proveedores.<\/p>\n<p>\u00a0<\/p>\n<\/td>\n<td>\n<p>Relaci\u00f3n contractual para\u00a0 la ejecuci\u00f3n de un\u00a0 contrato. Inter\u00e9s leg\u00edtimo.\u00a0<\/p>\n<\/td>\n<\/tr>\n<tr>\n<td>\n<p>Gesti\u00f3n fiscal, contable\u00a0 mercantil y jur\u00eddico.<\/p>\n<\/td>\n<td>\n<p>Obligaci\u00f3n legal del responsable.<\/p>\n<\/td>\n<\/tr>\n<tr>\n<td>\n<p>Gesti\u00f3n del ejercicio de los\u00a0 derechos de los Usuarios\u00a0<\/p>\n<\/td>\n<td>\n<p>Obligaci\u00f3n legal del responsable<\/p>\n<\/td>\n<\/tr>\n<tr>\n<td>\n<p>Comunicaciones comerciales\u00a0<\/p>\n<\/td>\n<td>\n<p>Consentimiento del interesado. Inter\u00e9s leg\u00edtimo.<\/p>\n<\/td>\n<\/tr>\n<tr>\n<td>\n<p>An\u00e1lisis de datos<\/p>\n<\/td>\n<td>\n<p>Consentimiento para la instalaci\u00f3n y uso de cookies tal y como explicamos en la Pol\u00edtica de Cookies.<\/p>\n<\/td>\n<\/tr>\n<tr>\n<td>\n<p>Mostrarle publicidad durante la navegaci\u00f3n mediante el uso de cookies.\u00a0<\/p>\n<\/td>\n<td>\n<p>Consentimiento para la instalaci\u00f3n y uso de cookies tal y como explicamos en la Pol\u00edtica de Cookies.<\/p>\n<\/td>\n<\/tr>\n<\/tbody>\n<\/table>\n<p><b>Conservaci\u00f3n de datos<\/b><\/p>\n<p>Conservaremos sus datos mientras est\u00e9 vigente nuestra relaci\u00f3n. No obstante, si observamos un prolongado tiempo de inactividad, tambi\u00e9n procederemos a suprimir sus datos en la medida en que el tratamiento ya no resulte adecuado, pertinente y necesario para los fines previstos para el tratamiento. Esta regla aplicar\u00e1 a menos que el Usuario nos solicite la supresi\u00f3n de sus datos.<\/p>\n<p>Una vez el tratamiento de sus datos deje de ser adecuado, pertinente y limitado a lo necesario para los fines para los que sean tratados, conservaremos sus datos debidamente bloqueados y \u00fanicamente para atender potenciales responsabilidades legales, tal y como nos exige la normativa.<\/p>\n<p>Finalmente, le informamos que tomaremos todas las medidas razonables para garantizar que sus datos se rectifiquen o supriman cuando sean inexactos.<\/p>\n<p>\u00a0<\/p>\n<p><b>Informaci\u00f3n necesaria, actualizada y veracidad de los datos<\/b><\/p>\n<p>Cuando el Usuario nos proporciona sus datos para utilizar nuestros servicios, garantiza que los datos e informaci\u00f3n facilitada es real, veraz, actualizada y de su pertenencia.<\/p>\n<p>Adem\u00e1s, se ruega que el Usuario notifique cualquier rectificaci\u00f3n o modificaci\u00f3n que se produzca en los datos facilitados con la mayor brevedad posible, respondiendo en cualquier caso de la veracidad y exactitud de los datos suministrados en cada momento, para que la informaci\u00f3n facilitada est\u00e9 siempre actualizada y no contenga errores, para ello el Usuario puede contactar a trav\u00e9s de la siguiente direcci\u00f3n de un correo electr\u00f3nico a la direcci\u00f3n: <a href=\"mailto:contact@galafoods.es\">contact@galafoods.es<\/a><\/p>\n<p>\u00a0<\/p>\n<p><b>Destinatarios<\/b><\/p>\n<p>Como norma general, no comunicaremos sus datos a terceros. Sin embargo, en determinados casos necesitaremos comunicar sus datos a:<\/p>\n<p>Proveedores: Tendr\u00e1n acceso a sus datos personales aquellos proveedores que precisen de tal acceso para prestarnos sus servicios, tales como gestores, inform\u00e1ticos o proveedores de cloud o hosting, proveedores de CRM, partners, empresas de log\u00edstica o servicios postales, proveedores de telecomunicaciones, pasarelas de pago, entidades financieras o asesores contables y legales.\u00a0<\/p>\n<p>Otros: Compartiremos sus datos personales con terceros en caso de ser requeridos para ello por una norma, por una autoridad administrativa o judicial o para el buen fin del inter\u00e9s u orden p\u00fablico, como por ejemplo para cumplir con la normativa de blanqueo de capitales y lucha contra el terrorismo, obligaciones fiscales o para con la Seguridad Social.<\/p>\n<p>Finalmente, tenga en cuenta que tambi\u00e9n podemos compartir su informaci\u00f3n si consideramos que ello es razonablemente necesario para hacer cumplir las condiciones y pol\u00edticas del Sitio Web o para proteger nuestras operaciones o Usuarios. Adem\u00e1s, en el caso de una reestructuraci\u00f3n mercantil, fusi\u00f3n, escisi\u00f3n o venta, podemos transferir toda su informaci\u00f3n personal al tercero resultante de tal transacci\u00f3n.<\/p>\n<p>\u00a0<\/p>\n<p><b>Derechos de los usuarios<\/b><\/p>\n<p>Cualquier Usuario tiene derecho a obtener confirmaci\u00f3n sobre si en PATATAS TORRES estamos tratando sus datos personales. Las personas interesadas tienen derecho a acceder a sus datos personales, as\u00ed como a solicitar la rectificaci\u00f3n de los datos inexactos o, en su caso, solicitar su supresi\u00f3n cuando, entre otros motivos, los datos ya no sean necesarios para los fines para los que fueron recogidos.<\/p>\n<p>A continuaci\u00f3n, se detallan los derechos reconocidos en la normativa vigente y la v\u00eda para poder ejercer los mismos:<\/p>\n<table>\n<tbody>\n<tr>\n<td>\n<p><b>Derecho<\/b><\/p>\n<\/td>\n<td>\n<p><b>\u00bfQu\u00e9 significa?<\/b><\/p>\n<\/td>\n<\/tr>\n<tr>\n<td>\n<p>Derecho de acceso<\/p>\n<\/td>\n<td>\n<p>Tiene derecho a acceder a sus datos personales. El interesado tendr\u00e1 derecho a obtener del responsable del tratamiento, la confirmaci\u00f3n de si se est\u00e1n tratando o no los datos que le interesan, as\u00ed como informaci\u00f3n detallada sobre determinados aspectos del tratamiento que se est\u00e1 llevando a cabo.<\/p>\n<\/td>\n<\/tr>\n<tr>\n<td>\n<p>Derecho a la rectificaci\u00f3n<\/p>\n<\/td>\n<td>\n<p>El interesado tendr\u00e1 derecho a obtener la rectificaci\u00f3n de los datos personales inexactos que puedan existir, o bien, que se completen aquellas que fueran incompletas o inexactas.<\/p>\n<\/td>\n<\/tr>\n<tr>\n<td>\n<p>Derecho a la supresi\u00f3n<\/p>\n<\/td>\n<td>\n<p>Tambi\u00e9n se conoce como \u00abel derecho a ser olvidado\u00bb y, en t\u00e9rminos sencillos, le permite solicitar la supresi\u00f3n o eliminaci\u00f3n de sus datos personales cuando no haya un motivo para seguir utiliz\u00e1ndolo, en todo caso, la supresi\u00f3n estar\u00e1 sujeto a los l\u00edmites establecidos en la norma reguladora.<\/p>\n<\/td>\n<\/tr>\n<tr>\n<td>\n<p>Derecho a limitaci\u00f3n al tratamiento<\/p>\n<\/td>\n<td>\n<p>El interesado tendr\u00e1 derecho a solicitar la limitaci\u00f3n en cuanto al tratamiento de sus datos de car\u00e1cter personal. Tiene derecho a \u00abbloquear\u00bb o suprimir el uso posterior de sus datos personales. En determinadas circunstancias, los interesados podr\u00e1n solicitar la limitaci\u00f3n del tratamiento de sus datos, en cuyo caso \u00fanicamente los conservaremos para el ejercicio o la defensa de reclamaciones.\u00a0<\/p>\n<\/td>\n<\/tr>\n<tr>\n<td>\n<p>Derecho a la portabilidad de datos<\/p>\n<\/td>\n<td>\n<p>Tiene derecho a obtener y reutilizar sus datos personales para sus propios fines a diferentes servicios. Es decir, tendr\u00e1 derecho a recibir los datos personales que haya facilitado a un responsable del tratamiento, en un formato estructurado, de uso com\u00fan y lectura mec\u00e1nica y para transmitir a otro responsable del tratamiento. Derecho a obtener sus datos personales en un formato estructurado, com\u00fan y legible.<\/p>\n<\/td>\n<\/tr>\n<tr>\n<td>\n<p>Derecho a oponerse al procesamiento<\/p>\n<\/td>\n<td>\n<p>En determinadas circunstancias, y por motivos relacionados con su situaci\u00f3n particular, los interesados podr\u00e1n oponerse al tratamiento de sus datos. La empresa dejar\u00e1 de tratar los datos, excepto por motivos leg\u00edtimos, imperiosos, o el ejercicio o la defensa de posibles reclamos. Sin embargo, tiene derecho a oponerse al procesamiento con fines de marketing directo.<\/p>\n<\/td>\n<\/tr>\n<tr>\n<td>\n<p>Derecho a retirar el\u00a0consentimiento<\/p>\n<p>\u00a0<\/p>\n<\/td>\n<td>\n<p>En caso de que el interesado haya otorgado el consentimiento para el tratamiento de sus datos personales, tiene derecho a retirarlo en cualquier momento.<\/p>\n<\/td>\n<\/tr>\n<\/tbody>\n<\/table>\n<p>\u00a0<\/p>\n<p><b>Ejercicio de los derechos<\/b><\/p>\n<p>El Usuario podr\u00e1 ejercer los derechos citados en cualquier momento dirigi\u00e9ndose a PATATAS TORRES, como responsable del tratamiento, presentando un escrito, junto con su acreditaci\u00f3n de identidad, a la direcci\u00f3n indicada en el Apartado 1 estableciendo en el \u201cAsunto\u201d el derecho ejercitado.<\/p>\n<p>\u00a0<\/p>\n<p><b>Medidas de seguridad<\/b><\/p>\n<p>PATATAS TORRES ha adoptado los niveles de seguridad legalmente requeridos para evitar la p\u00e9rdida, mal uso, alteraci\u00f3n, acceso no autorizado y robo de los datos personales facilitados.<\/p>\n<p>\u00a0<\/p>\n<p><b>Cookies<\/b><\/p>\n<p>Este Sitio Web puede hacer uso de Cookies. En dicho caso, se advertir\u00e1 a los Usuarios para recabar el oportuno consentimiento y ofrecer herramientas de gesti\u00f3n. En ning\u00fan caso las cookies u otros medios de naturaleza an\u00e1loga servir\u00e1n para almacenar informaci\u00f3n que permita identificar la persona f\u00edsica usuaria del Sitio Web. Para m\u00e1s informaci\u00f3n, consultar el apartado de Pol\u00edtica de Cookies.<\/p>\n<p>\u00a0<\/p>\n<p><b>Modificaci\u00f3n de la pol\u00edtica de privacidad<\/b><\/p>\n<p>PATATAS TORRES se reserva el derecho a modificar su Pol\u00edtica de Privacidad en cualquier momento. La modificaci\u00f3n de la Pol\u00edtica de Privacidad estar\u00e1 disponible para los Usuarios y ser\u00e1 de aplicaci\u00f3n desde el momento de su publicaci\u00f3n en el Sitio Web.<\/p>\n<p>\u00a0<\/p>\n","protected":false},"excerpt":{"rendered":"<p>Este apartado tiene como finalidad explicar la Pol\u00edtica de Privacidad de PATATAS FRITAS TORRES S.L. (en adelante, \u201cPATATAS TORRES\u201d), e informar a los interesados (en adelante, los Usuarios) la informaci\u00f3n &hellip;<\/p>\n","protected":false},"author":1,"featured_media":0,"parent":0,"menu_order":0,"comment_status":"closed","ping_status":"open","template":"page-templates\/page-basic-page.php","meta":{"_acf_changed":false,"footnotes":""},"class_list":["post-3","page","type-page","status-publish","hentry"],"acf":[],"yoast_head":"<!-- This site is optimized with the Yoast SEO plugin v27.5 - https:\/\/yoast.com\/product\/yoast-seo-wordpress\/ -->\n<title>JUST THIS | Pol\u00edtica de privacidad<\/title>\n<meta name=\"description\" content=\"Protegemos tus datos: conoce nuestra pol\u00edtica de privacidad y la transparencia detr\u00e1s de Just This Snacks.\" \/>\n<meta name=\"robots\" content=\"index, follow, max-snippet:-1, max-image-preview:large, max-video-preview:-1\" \/>\n<link rel=\"canonical\" href=\"https:\/\/justthis-snacks.com\/es\/politica-de-privacidad\/\" \/>\n<meta property=\"og:locale\" content=\"es_ES\" \/>\n<meta property=\"og:type\" content=\"article\" \/>\n<meta property=\"og:title\" content=\"JUST THIS | Pol\u00edtica de privacidad\" \/>\n<meta property=\"og:description\" content=\"Protegemos tus datos: conoce nuestra pol\u00edtica de privacidad y la transparencia detr\u00e1s de Just This Snacks.\" \/>\n<meta property=\"og:url\" content=\"https:\/\/justthis-snacks.com\/es\/politica-de-privacidad\/\" \/>\n<meta property=\"og:site_name\" content=\"Just This Snacks\" \/>\n<meta property=\"article:modified_time\" content=\"2025-09-25T13:22:12+00:00\" \/>\n<meta name=\"twitter:card\" content=\"summary_large_image\" \/>\n<meta name=\"twitter:label1\" content=\"Tiempo de lectura\" \/>\n\t<meta name=\"twitter:data1\" content=\"7 minutos\" \/>\n<script type=\"application\/ld+json\" class=\"yoast-schema-graph\">{\"@context\":\"https:\\\/\\\/schema.org\",\"@graph\":[{\"@type\":\"WebPage\",\"@id\":\"https:\\\/\\\/justthis-snacks.com\\\/es\\\/politica-de-privacidad\\\/\",\"url\":\"https:\\\/\\\/justthis-snacks.com\\\/es\\\/politica-de-privacidad\\\/\",\"name\":\"JUST THIS | Pol\u00edtica de privacidad\",\"isPartOf\":{\"@id\":\"https:\\\/\\\/justthis-snacks.com\\\/es\\\/#website\"},\"datePublished\":\"2022-03-30T09:27:15+00:00\",\"dateModified\":\"2025-09-25T13:22:12+00:00\",\"description\":\"Protegemos tus datos: conoce nuestra pol\u00edtica de privacidad y la transparencia detr\u00e1s de Just This Snacks.\",\"breadcrumb\":{\"@id\":\"https:\\\/\\\/justthis-snacks.com\\\/es\\\/politica-de-privacidad\\\/#breadcrumb\"},\"inLanguage\":\"es\",\"potentialAction\":[{\"@type\":\"ReadAction\",\"target\":[\"https:\\\/\\\/justthis-snacks.com\\\/es\\\/politica-de-privacidad\\\/\"]}]},{\"@type\":\"BreadcrumbList\",\"@id\":\"https:\\\/\\\/justthis-snacks.com\\\/es\\\/politica-de-privacidad\\\/#breadcrumb\",\"itemListElement\":[{\"@type\":\"ListItem\",\"position\":1,\"name\":\"Inicio\",\"item\":\"https:\\\/\\\/justthis-snacks.com\\\/es\\\/\"},{\"@type\":\"ListItem\",\"position\":2,\"name\":\"Pol\u00edtica de privacidad\"}]},{\"@type\":\"WebSite\",\"@id\":\"https:\\\/\\\/justthis-snacks.com\\\/es\\\/#website\",\"url\":\"https:\\\/\\\/justthis-snacks.com\\\/es\\\/\",\"name\":\"Just This Snacks\",\"description\":\"Snacks de Queso 100% Naturales y Crujientes\",\"publisher\":{\"@id\":\"https:\\\/\\\/justthis-snacks.com\\\/es\\\/#organization\"},\"potentialAction\":[{\"@type\":\"SearchAction\",\"target\":{\"@type\":\"EntryPoint\",\"urlTemplate\":\"https:\\\/\\\/justthis-snacks.com\\\/es\\\/?s={search_term_string}\"},\"query-input\":{\"@type\":\"PropertyValueSpecification\",\"valueRequired\":true,\"valueName\":\"search_term_string\"}}],\"inLanguage\":\"es\"},{\"@type\":\"Organization\",\"@id\":\"https:\\\/\\\/justthis-snacks.com\\\/es\\\/#organization\",\"name\":\"Just This Snacks\",\"url\":\"https:\\\/\\\/justthis-snacks.com\\\/es\\\/\",\"logo\":{\"@type\":\"ImageObject\",\"inLanguage\":\"es\",\"@id\":\"https:\\\/\\\/justthis-snacks.com\\\/es\\\/#\\\/schema\\\/logo\\\/image\\\/\",\"url\":\"https:\\\/\\\/justthis-snacks.com\\\/wp-content\\\/uploads\\\/logo-justthis.png\",\"contentUrl\":\"https:\\\/\\\/justthis-snacks.com\\\/wp-content\\\/uploads\\\/logo-justthis.png\",\"width\":168,\"height\":122,\"caption\":\"Just This Snacks\"},\"image\":{\"@id\":\"https:\\\/\\\/justthis-snacks.com\\\/es\\\/#\\\/schema\\\/logo\\\/image\\\/\"}}]}<\/script>\n<!-- \/ Yoast SEO plugin. -->","yoast_head_json":{"title":"JUST THIS | Pol\u00edtica de privacidad","description":"Protegemos tus datos: conoce nuestra pol\u00edtica de privacidad y la transparencia detr\u00e1s de Just This Snacks.","robots":{"index":"index","follow":"follow","max-snippet":"max-snippet:-1","max-image-preview":"max-image-preview:large","max-video-preview":"max-video-preview:-1"},"canonical":"https:\/\/justthis-snacks.com\/es\/politica-de-privacidad\/","og_locale":"es_ES","og_type":"article","og_title":"JUST THIS | Pol\u00edtica de privacidad","og_description":"Protegemos tus datos: conoce nuestra pol\u00edtica de privacidad y la transparencia detr\u00e1s de Just This Snacks.","og_url":"https:\/\/justthis-snacks.com\/es\/politica-de-privacidad\/","og_site_name":"Just This Snacks","article_modified_time":"2025-09-25T13:22:12+00:00","twitter_card":"summary_large_image","twitter_misc":{"Tiempo de lectura":"7 minutos"},"schema":{"@context":"https:\/\/schema.org","@graph":[{"@type":"WebPage","@id":"https:\/\/justthis-snacks.com\/es\/politica-de-privacidad\/","url":"https:\/\/justthis-snacks.com\/es\/politica-de-privacidad\/","name":"JUST THIS | Pol\u00edtica de privacidad","isPartOf":{"@id":"https:\/\/justthis-snacks.com\/es\/#website"},"datePublished":"2022-03-30T09:27:15+00:00","dateModified":"2025-09-25T13:22:12+00:00","description":"Protegemos tus datos: conoce nuestra pol\u00edtica de privacidad y la transparencia detr\u00e1s de Just This Snacks.","breadcrumb":{"@id":"https:\/\/justthis-snacks.com\/es\/politica-de-privacidad\/#breadcrumb"},"inLanguage":"es","potentialAction":[{"@type":"ReadAction","target":["https:\/\/justthis-snacks.com\/es\/politica-de-privacidad\/"]}]},{"@type":"BreadcrumbList","@id":"https:\/\/justthis-snacks.com\/es\/politica-de-privacidad\/#breadcrumb","itemListElement":[{"@type":"ListItem","position":1,"name":"Inicio","item":"https:\/\/justthis-snacks.com\/es\/"},{"@type":"ListItem","position":2,"name":"Pol\u00edtica de privacidad"}]},{"@type":"WebSite","@id":"https:\/\/justthis-snacks.com\/es\/#website","url":"https:\/\/justthis-snacks.com\/es\/","name":"Just This Snacks","description":"Snacks de Queso 100% Naturales y Crujientes","publisher":{"@id":"https:\/\/justthis-snacks.com\/es\/#organization"},"potentialAction":[{"@type":"SearchAction","target":{"@type":"EntryPoint","urlTemplate":"https:\/\/justthis-snacks.com\/es\/?s={search_term_string}"},"query-input":{"@type":"PropertyValueSpecification","valueRequired":true,"valueName":"search_term_string"}}],"inLanguage":"es"},{"@type":"Organization","@id":"https:\/\/justthis-snacks.com\/es\/#organization","name":"Just This Snacks","url":"https:\/\/justthis-snacks.com\/es\/","logo":{"@type":"ImageObject","inLanguage":"es","@id":"https:\/\/justthis-snacks.com\/es\/#\/schema\/logo\/image\/","url":"https:\/\/justthis-snacks.com\/wp-content\/uploads\/logo-justthis.png","contentUrl":"https:\/\/justthis-snacks.com\/wp-content\/uploads\/logo-justthis.png","width":168,"height":122,"caption":"Just This Snacks"},"image":{"@id":"https:\/\/justthis-snacks.com\/es\/#\/schema\/logo\/image\/"}}]}},"_links":{"self":[{"href":"https:\/\/justthis-snacks.com\/es\/wp-json\/wp\/v2\/pages\/3","targetHints":{"allow":["GET"]}}],"collection":[{"href":"https:\/\/justthis-snacks.com\/es\/wp-json\/wp\/v2\/pages"}],"about":[{"href":"https:\/\/justthis-snacks.com\/es\/wp-json\/wp\/v2\/types\/page"}],"author":[{"embeddable":true,"href":"https:\/\/justthis-snacks.com\/es\/wp-json\/wp\/v2\/users\/1"}],"replies":[{"embeddable":true,"href":"https:\/\/justthis-snacks.com\/es\/wp-json\/wp\/v2\/comments?post=3"}],"version-history":[{"count":0,"href":"https:\/\/justthis-snacks.com\/es\/wp-json\/wp\/v2\/pages\/3\/revisions"}],"wp:attachment":[{"href":"https:\/\/justthis-snacks.com\/es\/wp-json\/wp\/v2\/media?parent=3"}],"curies":[{"name":"wp","href":"https:\/\/api.w.org\/{rel}","templated":true}]}}